{"id":206,"date":"2023-07-18T14:50:44","date_gmt":"2023-07-18T12:50:44","guid":{"rendered":"https:\/\/demosites.io\/charity-gb\/?page_id=206"},"modified":"2023-07-18T15:00:33","modified_gmt":"2023-07-18T13:00:33","slug":"05700-home","status":"publish","type":"page","link":"https:\/\/fim.pef.mendelu.cz\/","title":{"rendered":"FIM"},"content":{"rendered":"\n<div class=\"wp-block-group is-layout-flow\"><div class=\"wp-block-group__inner-container\">\n<div class=\"wp-block-group is-layout-flow\"><div class=\"wp-block-group__inner-container\">\n<div class=\"wp-block-cover is-position-center-center\"><span aria-hidden=\"true\" class=\"wp-block-cover__background has-background-dim-30 has-background-dim\"><\/span><img decoding=\"async\" loading=\"lazy\" width=\"759\" height=\"133\" class=\"wp-block-cover__image-background wp-image-609\" alt=\"\" src=\"https:\/\/fim.pef.mendelu.cz\/wp-content\/uploads\/2021\/03\/bg-main11.png\" style=\"object-position:53% 56%\" data-object-fit=\"cover\" data-object-position=\"53% 56%\" srcset=\"https:\/\/fim.pef.mendelu.cz\/wp-content\/uploads\/2021\/03\/bg-main11.png 759w, https:\/\/fim.pef.mendelu.cz\/wp-content\/uploads\/2021\/03\/bg-main11-300x53.png 300w\" sizes=\"(max-width: 759px) 100vw, 759px\" \/><div class=\"wp-block-cover__inner-container\">\n<p class=\"has-text-align-center ticss-0e50fe10 content-header\" style=\"font-size:49px\"><strong>Finance a investi\u010dn\u00ed management<\/strong> <strong>(FIM)<\/strong><\/p>\n\n\n\n<p class=\"has-text-align-center ticss-0e50fe10 content-header\" style=\"font-size:28px\">Modern\u00ed obor, kter\u00fd propojuje teorii s prax\u00ed<\/p>\n<\/div><\/div>\n<\/div><\/div>\n\n\n\n<p><\/p>\n\n\n\n<div id=\"wp-block-themeisle-blocks-advanced-columns-f71b9769\" class=\"wp-block-themeisle-blocks-advanced-columns has-1-columns has-desktop-equal-layout has-tablet-equal-layout has-mobile-equal-layout has-vertical-unset has-light-bg\"><div class=\"wp-block-themeisle-blocks-advanced-columns-overlay\"><\/div><div class=\"innerblocks-wrap\">\n<div id=\"wp-block-themeisle-blocks-advanced-column-cb144b85\" class=\"wp-block-themeisle-blocks-advanced-column has-light-bg\">\n<div class=\"wp-block-themeisle-blocks-service\">\n<div id=\"wp-block-themeisle-blocks-font-awesome-icons-302bae03\" class=\"wp-block-themeisle-blocks-font-awesome-icons\"><span class=\"wp-block-themeisle-blocks-font-awesome-icons-container\"><i class=\"fas fa-university\"><\/i><\/span><\/div>\n\n\n\n<p class=\"has-text-align-center has-medium-font-size\"><strong>Navazuj\u00edc\u00ed magistersk\u00fd studijn\u00ed obor<\/strong> na Provozn\u011b ekonomick\u00e9 fakult\u011b Mendelovy univerzity v Brn\u011b.<\/p>\n<\/div>\n<\/div>\n<\/div><\/div>\n<\/div><\/div>\n\n\n\n<div id=\"wp-block-themeisle-blocks-advanced-columns-aa921ccb\" class=\"wp-block-themeisle-blocks-advanced-columns has-1-columns has-desktop-equal-layout has-tablet-equal-layout has-mobile-equal-layout has-vertical-unset has-light-bg\"><div class=\"wp-block-themeisle-blocks-advanced-columns-overlay\"><\/div><div class=\"innerblocks-wrap\">\n<div id=\"wp-block-themeisle-blocks-advanced-column-58b3c650\" class=\"wp-block-themeisle-blocks-advanced-column has-light-bg\">\n<div class=\"wp-block-themeisle-blocks-service\">\n<h5 class=\"wp-block-heading has-medium-font-size\">CO TI OBOR P\u0158INESE?<\/h5>\n\n\n\n<ol>\n<li>Uplatn\u011bn\u00ed v oblasti bankovnictv\u00ed, poji\u0161\u0165ovnictv\u00ed a v investi\u010dn\u00edch \u010di penzijn\u00edch spole\u010dnostech,<\/li>\n\n\n\n<li>\u00dazk\u00e9 propojen\u00ed akademick\u00e9ho sv\u011bta s v\u00fdznamn\u00fdmi finan\u010dn\u00edmi institucemi,<\/li>\n\n\n\n<li>Mo\u017enost praxe ve firm\u00e1ch z oboru,<\/li>\n\n\n\n<li>V\u00fduku zastoupenou odborn\u00edky z partnersk\u00fdch instituc\u00ed,psan\u00ed diplomov\u00e9 pr\u00e1ce u finan\u010dn\u00edch instituc\u00ed a mnoho dal\u0161\u00edho.<\/li>\n<\/ol>\n<\/div>\n<\/div>\n<\/div><\/div>\n\n\n\n<div id=\"wp-block-themeisle-blocks-advanced-columns-ceb36a17\" class=\"wp-block-themeisle-blocks-advanced-columns has-1-columns has-desktop-equal-layout has-tablet-equal-layout has-mobile-equal-layout has-vertical-unset\"><div class=\"wp-block-themeisle-blocks-advanced-columns-overlay\"><\/div><div class=\"innerblocks-wrap\">\n<div id=\"wp-block-themeisle-blocks-advanced-column-ae293411\" class=\"wp-block-themeisle-blocks-advanced-column\">\n<h5 class=\"wp-block-heading\">Jak se k n\u00e1m p\u0159ihl\u00e1sit?<\/h5>\n\n\n\n<p class=\"has-small-font-size\"><strong>P\u0159ihl\u00e1\u0161ky do studia<\/strong> se zah\u00e1jen\u00edm v zimn\u00edm semestru 2023 mo\u017eno pod\u00e1vat <strong>do 20. srpna 2023<\/strong>.  P\u0159ij\u00edmac\u00ed zkou\u0161ky <strong>od 4. z\u00e1\u0159\u00ed do 5. z\u00e1\u0159\u00ed 2023<\/strong>. \u017d\u00e1dosti o osvobozen\u00ed od p\u0159ij\u00edmac\u00ed zkou\u0161ky <strong>do 14. kv\u011btna 2023<\/strong> (studenti fakulty mohou podat \u017e\u00e1dost p\u0159es kontaktn\u00ed centrum v UIS).<\/p>\n\n\n\n<p class=\"has-small-font-size\">V\u00edce informac\u00ed zde:  <a href=\"https:\/\/www.pef.mendelu.cz\/chci-navazujici-magisterske-studium\">Navazuj\u00edc\u00ed magistersk\u00e9 studium na PEF MENDELU<\/a>.<\/p>\n\n\n\n<p class=\"has-small-font-size\">Studium <strong>nen\u00ed spojeno se \u0161koln\u00fdm<\/strong> (studium prob\u00edh\u00e1 na ve\u0159ejn\u00e9 vysok\u00e9 \u0161kole). <\/p>\n<\/div>\n<\/div><\/div>\n\n\n\n<div class=\"wp-block-group is-layout-flow\"><div class=\"wp-block-group__inner-container\">\n<p><\/p>\n\n\n\n<h5 class=\"wp-block-heading has-text-align-center\">SOU\u010c\u00c1ST\u00cd studia na FIM je p\u0159\u00edprava na mezin\u00e1rodn\u00ed zkou\u0161ky CFA (a to bezplatn\u011b) <\/h5>\n\n\n\n<div class=\"wp-block-group is-layout-flow\"><div class=\"wp-block-group__inner-container\"><\/div><\/div>\n\n\n\n<p class=\"has-text-align-center has-small-font-size\">CFA certfik\u00e1t (Chartered Financial Analyst\u00ae) je presti\u017en\u00ed mezin\u00e1rodn\u011b uzn\u00e1van\u00e9 vzd\u011bl\u00e1n\u00ed v oblasti finan\u010dn\u00ed anal\u00fdzy a investic<\/p>\n\n\n\n<div id=\"wp-block-themeisle-blocks-advanced-columns-4a13095a\" class=\"wp-block-themeisle-blocks-advanced-columns has-2-columns has-desktop-equal-layout has-tablet-equal-layout has-mobile-collapsedRows-layout has-vertical-center\"><div class=\"wp-block-themeisle-blocks-advanced-columns-overlay\"><\/div><div class=\"innerblocks-wrap\">\n<div id=\"wp-block-themeisle-blocks-advanced-column-41b5d328\" class=\"wp-block-themeisle-blocks-advanced-column\">\n<figure class=\"wp-block-image size-large is-style-default\"><img decoding=\"async\" loading=\"lazy\" width=\"1024\" height=\"1024\" src=\"https:\/\/fim.pef.mendelu.cz\/wp-content\/uploads\/2022\/04\/CFA-akreditaca-na-PEF-1024x1024.png\" alt=\"\" class=\"wp-image-827\" srcset=\"https:\/\/fim.pef.mendelu.cz\/wp-content\/uploads\/2022\/04\/CFA-akreditaca-na-PEF-1024x1024.png 1024w, https:\/\/fim.pef.mendelu.cz\/wp-content\/uploads\/2022\/04\/CFA-akreditaca-na-PEF-300x300.png 300w, https:\/\/fim.pef.mendelu.cz\/wp-content\/uploads\/2022\/04\/CFA-akreditaca-na-PEF-150x150.png 150w, https:\/\/fim.pef.mendelu.cz\/wp-content\/uploads\/2022\/04\/CFA-akreditaca-na-PEF-768x768.png 768w, https:\/\/fim.pef.mendelu.cz\/wp-content\/uploads\/2022\/04\/CFA-akreditaca-na-PEF-1536x1536.png 1536w, https:\/\/fim.pef.mendelu.cz\/wp-content\/uploads\/2022\/04\/CFA-akreditaca-na-PEF.png 2000w\" sizes=\"(max-width: 1024px) 100vw, 1024px\" \/><\/figure>\n<\/div>\n\n\n\n<div id=\"wp-block-themeisle-blocks-advanced-column-883f0232\" class=\"wp-block-themeisle-blocks-advanced-column\">\n<p class=\"has-small-font-size\">Studenti oboru Finance a investi\u010dn\u00ed management (FIM) maj\u00ed <strong>studium CFA (Chartered Financial Analyst\u00ae) zdarma. <\/strong><\/p>\n\n\n\n<p class=\"has-small-font-size\">\u010c\u00e1st stipendia hrad\u00ed CFA institut a zbytek \u00dastav Financ\u00ed  PEF MENDELU. <\/p>\n\n\n\n<p class=\"has-small-font-size\"><strong>\u00dastav financ\u00ed PEF MENDELU disponuje akreditac\u00ed <\/strong>oprav\u0148uj\u00edc\u00ed k p\u0159\u00edprav\u011b na zkou\u0161ky CFA.  <\/p>\n\n\n\n<p class=\"has-small-font-size\">\u00dasp\u011bch student\u016f FIM u t\u00e9to uzn\u00e1van\u00e9 mezin\u00e1rodn\u00ed zkou\u0161ky souvis\u00ed s&nbsp;t\u00edm, \u017ee<strong> obor Finance a investi\u010dn\u00ed management pokr\u00fdv\u00e1 v\u00edce ne\u017e 80 % po\u017eadavk\u016f<\/strong> k z\u00edsk\u00e1n\u00ed certifik\u00e1tu. To z\u00e1sadn\u011b usnad\u0148uje student\u016fm p\u0159\u00edpravu.<\/p>\n\n\n\n<p class=\"has-small-font-size\">V\u00edce informac\u00ed r\u00e1d poskytne garant oboru FIM, Svatopluk Kapounek, kontakt: <em><a rel=\"noreferrer noopener\" href=\"mailto:kapounek@mendelu.cz\" target=\"_blank\">kapounek@mendelu.cz<\/a><\/em><\/p>\n\n\n\n<figure class=\"wp-block-image size-large is-style-default\"><a href=\"https:\/\/www.cfasociety.org\/czechrepublic\/Pages\/default.aspx\"><img decoding=\"async\" loading=\"lazy\" width=\"225\" height=\"86\" src=\"https:\/\/fim.pef.mendelu.cz\/wp-content\/uploads\/2021\/03\/CFA.jpg\" alt=\"\" class=\"wp-image-617\"\/><\/a><\/figure>\n<\/div>\n<\/div><\/div>\n<\/div><\/div>\n\n\n\n<div id=\"wp-block-themeisle-blocks-advanced-columns-5a2be611\" class=\"wp-block-themeisle-blocks-advanced-columns has-2-columns has-desktop-equal-layout has-tablet-equal-layout has-mobile-collapsedRows-layout has-vertical-center has-light-bg\"><div class=\"wp-block-themeisle-blocks-advanced-columns-overlay\"><\/div><div class=\"innerblocks-wrap\">\n<div id=\"wp-block-themeisle-blocks-advanced-column-8f1e97d2\" class=\"wp-block-themeisle-blocks-advanced-column\">\n<figure class=\"wp-block-image size-large\"><img decoding=\"async\" loading=\"lazy\" width=\"2560\" height=\"1920\" src=\"http:\/\/195.113.194.207\/~fimpefm\/wp-content\/uploads\/2020\/09\/90-edited-1-scaled.jpg\" alt=\"\" class=\"wp-image-516\" srcset=\"https:\/\/fim.pef.mendelu.cz\/wp-content\/uploads\/2020\/09\/90-edited-1-scaled.jpg 2560w, https:\/\/fim.pef.mendelu.cz\/wp-content\/uploads\/2020\/09\/90-edited-1-300x225.jpg 300w, https:\/\/fim.pef.mendelu.cz\/wp-content\/uploads\/2020\/09\/90-edited-1-1024x768.jpg 1024w, https:\/\/fim.pef.mendelu.cz\/wp-content\/uploads\/2020\/09\/90-edited-1-768x576.jpg 768w, https:\/\/fim.pef.mendelu.cz\/wp-content\/uploads\/2020\/09\/90-edited-1-1536x1152.jpg 1536w, https:\/\/fim.pef.mendelu.cz\/wp-content\/uploads\/2020\/09\/90-edited-1-2048x1536.jpg 2048w\" sizes=\"(max-width: 2560px) 100vw, 2560px\" \/><\/figure>\n<\/div>\n\n\n\n<div id=\"wp-block-themeisle-blocks-advanced-column-396bb867\" class=\"wp-block-themeisle-blocks-advanced-column has-light-bg\">\n<p><\/p>\n\n\n\n<h5 class=\"wp-block-heading\">napsali o n\u00e1s<\/h5>\n\n\n\n<p class=\"has-small-font-size\"><br><a rel=\"noreferrer noopener\" href=\"https:\/\/trendwatcher.cz\/investice-do-meme-stocks-pripominaji-gambling-rika-ekonom\/?fbclid=IwAR3286ljZu6j3Jal98CS3jixlw7H37L73sZJ49kivRHuotpBFHaiE1Uv_0U\" target=\"_blank\">Investice do meme stocks p\u0159ipom\u00ednaj\u00ed gambling, \u0159\u00edk\u00e1 \u010desk\u00fd ekonom<\/a><\/p>\n\n\n\n<p class=\"has-small-font-size\"><a rel=\"noreferrer noopener\" href=\"https:\/\/www.youtube.com\/watch?v=cF00iH8Hxc4\" target=\"_blank\">Pro\u010d studovat FIM? Odpov\u011b\u010f naleznete na youtube<\/a><\/p>\n\n\n\n<p class=\"has-small-font-size\">Pen\u00edze.cz:&nbsp;<a href=\"http:\/\/www.penize.cz\/zamestnani\/248710-finance-a-investicni-management-obor-s-praxi-v-krvi\" target=\"_blank\" rel=\"noreferrer noopener\">Finance a investi\u010dn\u00ed management: Obor s prax\u00ed v krvi<\/a><\/p>\n\n\n\n<p class=\"has-small-font-size\">Hospod\u00e1\u0159sk\u00e9 noviny:&nbsp;<a href=\"http:\/\/zpravy.ihned.cz\/cesko\/c1-57187760-absolventi-siti-na-miru-firmy-skolam-nabizeji-vlastni-ucitele-i-studijni-obor\" target=\"_blank\" rel=\"noreferrer noopener\">Absolventi \u0161it\u00ed na m\u00edru: firmy \u0161kol\u00e1m nab\u00edzej\u00ed vlastn\u00ed u\u010ditele i studijn\u00ed obor<\/a><\/p>\n\n\n\n<p class=\"has-small-font-size\">Pen\u00edze.cz:&nbsp;<a href=\"http:\/\/www.penize.cz\/financni-poradenstvi\/232236-finance-a-investicni-management-obor-sity-na-miru\" target=\"_blank\" rel=\"noreferrer noopener\">Finance a investi\u010dn\u00ed management: Obor \u0161it\u00fd na m\u00edru<\/a><\/p>\n\n\n\n<p class=\"has-small-font-size\"><a href=\"http:\/\/www.ceskatelevize.cz\/ivysilani\/10122978233-udalosti-v-regionech-ostrava\/416231100030204-udalosti-v-regionech\/obsah\/450770-rozhovor-s-analytikem-ondrejem-surkou\" target=\"_blank\" rel=\"noreferrer noopener\">Na\u0161i absolventi v m\u00e9di\u00edch &#8211; analytik Ond\u0159ej Surka<\/a> (3min 40sek.)<\/p>\n<\/div>\n<\/div><\/div>\n\n\n\n<p><\/p>\n\n\n\n<ul>\n<li><\/li>\n<\/ul>\n","protected":false},"excerpt":{"rendered":"<p>SOU\u010c\u00c1ST\u00cd studia na FIM je p\u0159\u00edprava na mezin\u00e1rodn\u00ed zkou\u0161ky CFA (a to bezplatn\u011b) CFA certfik\u00e1t (Chartered Financial Analyst\u00ae) je presti\u017en\u00ed mezin\u00e1rodn\u011b uzn\u00e1van\u00e9 vzd\u011bl\u00e1n\u00ed v oblasti finan\u010dn\u00ed anal\u00fdzy a investic<\/p>\n","protected":false},"author":1,"featured_media":0,"parent":0,"menu_order":0,"comment_status":"closed","ping_status":"closed","template":"page-templates\/template-pagebuilder-full-width.php","meta":{"neve_meta_sidebar":"full-width","neve_meta_container":"contained","neve_meta_enable_content_width":"on","neve_meta_content_width":100,"neve_meta_title_alignment":"","neve_meta_author_avatar":"","neve_post_elements_order":"","neve_meta_disable_header":"","neve_meta_disable_footer":"","neve_meta_disable_title":"on","_themeisle_gutenberg_block_has_review":false,"_ti_tpc_template_sync":false,"_ti_tpc_template_id":""},"_links":{"self":[{"href":"https:\/\/fim.pef.mendelu.cz\/index.php?rest_route=\/wp\/v2\/pages\/206"}],"collection":[{"href":"https:\/\/fim.pef.mendelu.cz\/index.php?rest_route=\/wp\/v2\/pages"}],"about":[{"href":"https:\/\/fim.pef.mendelu.cz\/index.php?rest_route=\/wp\/v2\/types\/page"}],"author":[{"embeddable":true,"href":"https:\/\/fim.pef.mendelu.cz\/index.php?rest_route=\/wp\/v2\/users\/1"}],"replies":[{"embeddable":true,"href":"https:\/\/fim.pef.mendelu.cz\/index.php?rest_route=%2Fwp%2Fv2%2Fcomments&post=206"}],"version-history":[{"count":178,"href":"https:\/\/fim.pef.mendelu.cz\/index.php?rest_route=\/wp\/v2\/pages\/206\/revisions"}],"predecessor-version":[{"id":934,"href":"https:\/\/fim.pef.mendelu.cz\/index.php?rest_route=\/wp\/v2\/pages\/206\/revisions\/934"}],"wp:attachment":[{"href":"https:\/\/fim.pef.mendelu.cz\/index.php?rest_route=%2Fwp%2Fv2%2Fmedia&parent=206"}],"curies":[{"name":"wp","href":"https:\/\/api.w.org\/{rel}","templated":true}]}}