{"id":449,"date":"2020-09-18T20:20:38","date_gmt":"2020-09-18T18:20:38","guid":{"rendered":"http:\/\/195.113.194.207\/~fimpefm\/?page_id=449"},"modified":"2020-09-25T16:02:48","modified_gmt":"2020-09-25T14:02:48","slug":"navod","status":"publish","type":"page","link":"https:\/\/fim.pef.mendelu.cz\/?page_id=449","title":{"rendered":"N\u00e1vod"},"content":{"rendered":"\n<section class=\"wp-block-themeisle-blocks-advanced-columns alignfull has-1-columns has-desktop-equal-layout has-tablet-equal-layout has-mobile-equal-layout has-nogap-gap has-vertical-flex-start\" id=\"wp-block-themeisle-blocks-advanced-columns-58c14190\"><div class=\"wp-block-themeisle-blocks-advanced-columns-overlay\"><\/div><div class=\"innerblocks-wrap\">\n<div class=\"wp-block-themeisle-blocks-advanced-column\" id=\"wp-block-themeisle-blocks-advanced-column-6ae34a4c\">\n<section class=\"wp-block-themeisle-blocks-advanced-columns has-1-columns has-desktop-equal-layout has-tablet-equal-layout has-mobile-equal-layout has-nogap-gap has-vertical-flex-start\" id=\"wp-block-themeisle-blocks-advanced-columns-892b6aed\"><div class=\"wp-block-themeisle-blocks-advanced-columns-overlay\"><\/div><div class=\"innerblocks-wrap\">\n<div class=\"wp-block-themeisle-blocks-advanced-column\" id=\"wp-block-themeisle-blocks-advanced-column-87aa2aab\">\n<div id=\"wp-block-themeisle-blocks-advanced-heading-fa0e9d92\" class=\"wp-block-themeisle-blocks-advanced-heading wp-block-themeisle-blocks-advanced-heading-fa0e9d92\">N\u00c1VOD PRO<\/div>\n\n\n\n<h2 id=\"wp-block-themeisle-blocks-advanced-heading-8d7baca0\" class=\"wp-block-themeisle-blocks-advanced-heading wp-block-themeisle-blocks-advanced-heading-8d7baca0\">pOD\u00c1VAN\u00cd PRIHL\u00c1\u0160KY<\/h2>\n\n\n\n<hr class=\"wp-block-separator has-text-color has-background has-black-background-color has-black-color\"\/>\n\n\n\n<p class=\"has-text-align-center\"><strong>P\u0159ihl\u00e1\u0161ky<\/strong> ke studiu se pod\u00e1vaj\u00ed pouze elektronicky prost\u0159ednictv\u00edm <strong>Univerzitn\u00edho informa\u010dn\u00edho syst\u00e9mu Mendelovy univerzity v Brn\u011b<\/strong> podle instrukc\u00ed uveden\u00fdch p\u0159\u00edmo v aplikaci pro pod\u00e1v\u00e1n\u00ed p\u0159ihl\u00e1\u0161ek, a to <strong>do 10. dubna 2019<\/strong> (zah\u00e1jen\u00ed studia z\u00e1\u0159\u00ed 2019). Adresa pro pod\u00e1n\u00ed elektronick\u00e9 p\u0159ihl\u00e1\u0161ky je: <a href=\"http:\/\/is.mendelu.cz\/prihlaska\/\">http:\/\/is.mendelu.cz\/prihlaska\/<\/a>. Nezbytnou podm\u00ednkou je p\u0159edchoz\u00ed absolvov\u00e1n\u00ed bakal\u00e1\u0159sk\u00e9ho \u010di vy\u0161\u0161\u00edho stupn\u011b studia. Zam\u011b\u0159en\u00ed tohoto studia nen\u00ed dle pr\u00e1vn\u00edch p\u0159edpis\u016f podstatn\u00e9.<\/p>\n\n\n\n<p class=\"has-text-align-center\">P\u0159i pod\u00e1n\u00ed p\u0159ihl\u00e1\u0161ky na v\u00fd\u0161e uvedem odkazu je nutn\u00e9 zvolit:<\/p>\n\n\n\n<ul><li>vstoupit do syst\u00e9mu p\u0159ihl\u00e1\u0161ek jako nov\u00fd u\u017eivatel (z\u00e1jemce o studium mimo PEF Mendelu, resp. \u00fapln\u011b nov\u00fd z\u00e1jemce o studium, kter\u00fd si nikdy takto nepod\u00e1val p\u0159ihl\u00e1\u0161ku)<\/li><li>vstoupit do syst\u00e9mu p\u0159ihl\u00e1\u0161ek jako u\u017eivatel e-p\u0159ihl\u00e1\u0161ek (z\u00e1jemce, kter\u00fd si ji\u017e t\u00edmto syst\u00e9mem pod\u00e1val p\u0159ihl\u00e1\u0161ku)<\/li><li>vstoupit do syst\u00e9mu p\u0159ihl\u00e1\u0161ek jako u\u017eivatel UIS (pro st\u00e1vaj\u00edc\u00ed studenty PEF Mendelu v Brn\u011b)<\/li><\/ul>\n\n\n\n<p class=\"has-text-align-center\">Pot\u00e9 sta\u010d\u00ed zvolit fakultu, kde chcete studovat, tedy Provozn\u011b ekonomick\u00e1 a d\u00e1le zvolit Magistersk\u00fd stupe\u0148 studia.<br><\/p>\n\n\n\n<div class=\"wp-block-image\"><figure class=\"aligncenter size-large\"><img decoding=\"async\" loading=\"lazy\" width=\"621\" height=\"224\" src=\"http:\/\/195.113.194.207\/~fimpefm\/wp-content\/uploads\/2020\/09\/prihlaska-1.png\" alt=\"\" class=\"wp-image-432\" srcset=\"https:\/\/fim.pef.mendelu.cz\/wp-content\/uploads\/2020\/09\/prihlaska-1.png 621w, https:\/\/fim.pef.mendelu.cz\/wp-content\/uploads\/2020\/09\/prihlaska-1-300x108.png 300w\" sizes=\"(max-width: 621px) 100vw, 621px\" \/><\/figure><\/div>\n\n\n\n<p class=\"has-text-align-center\"><strong>Zvolit<\/strong><br><strong>Program: <\/strong>N-HPS Hsopod\u00e1\u0159sk\u00e1 politika a spr\u00e1va<strong><br>Obor: <\/strong>NHPS-FIM Finance a investi\u010dn\u00ed management<strong><br>Forma: <\/strong>prezen\u010dn\u00ed.<br><\/p>\n\n\n\n<figure class=\"wp-block-image size-large\"><img decoding=\"async\" loading=\"lazy\" width=\"768\" height=\"288\" src=\"http:\/\/195.113.194.207\/~fimpefm\/wp-content\/uploads\/2020\/09\/prihlaska2-1.png\" alt=\"\" class=\"wp-image-433\" srcset=\"https:\/\/fim.pef.mendelu.cz\/wp-content\/uploads\/2020\/09\/prihlaska2-1.png 768w, https:\/\/fim.pef.mendelu.cz\/wp-content\/uploads\/2020\/09\/prihlaska2-1-300x113.png 300w\" sizes=\"(max-width: 768px) 100vw, 768px\" \/><\/figure>\n\n\n\n<p class=\"has-text-align-center\">Ke dni pod\u00e1n\u00ed p\u0159ihl\u00e1\u0161ky je splatn\u00fd poplatek spojen\u00fd s p\u0159ij\u00edmac\u00edm \u0159\u00edzen\u00edm ve v\u00fd\u0161i 440 K\u010d. Poplatek je nutno zaslat na \u010d\u00edslo \u00fa\u010dtu uveden\u00e9 v elektronick\u00e9 p\u0159ihl\u00e1\u0161ce. Platba mus\u00ed b\u00fdt sou\u010dasn\u011b ozna\u010dena variabiln\u00edm symbolem, kter\u00fd je automaticky p\u0159id\u011blen individu\u00e1ln\u011b ka\u017ed\u00e9mu uchaze\u010di a je rovn\u011b\u017e uveden v elektronick\u00e9 p\u0159ihl\u00e1\u0161ce.<\/p>\n\n\n\n<p class=\"has-text-align-center\"><br>Uchaze\u010d je povinen v den kon\u00e1n\u00ed p\u0159ij\u00edmac\u00ed zkou\u0161ky p\u0159edlo\u017eit studijn\u00edmu odd\u011blen\u00ed d\u011bkan\u00e1tu <strong>Provozn\u011b ekonomick\u00e9 fakulty (PEF)<\/strong> origin\u00e1l, pop\u0159. ov\u011b\u0159enou kopii dokladu o dosa\u017een\u00e9m vzd\u011bl\u00e1n\u00ed (diplom z bakal\u00e1\u0159sk\u00e9ho \u010di vy\u0161\u0161\u00edho stupn\u011b studia) a jeho kopii odevzdat studijn\u00edmu odd\u011blen\u00ed <strong>d\u011bkan\u00e1tu PEF<\/strong>. V p\u0159\u00edpad\u011b, \u017ee uchaze\u010d dan\u00fdm dokladem ve stanoven\u00e9m term\u00ednu nedisponuje (nap\u0159. teprve bude v nejbli\u017e\u0161\u00ed dob\u011b ukon\u010dovat bakal\u00e1\u0159sk\u00fd \u010di vy\u0161\u0161\u00ed stupe\u0148 studia), je povinen jej p\u0159edlo\u017eit do deseti dn\u016f od jeho z\u00edsk\u00e1n\u00ed. Na z\u00e1klad\u011b od\u016fvodn\u011bn\u00e9 \u017e\u00e1dosti doru\u010den\u00e9 na studijn\u00ed odd\u011blen\u00ed d\u011bkan\u00e1tu <strong>PEF<\/strong>, m\u016f\u017ee d\u011bkan stanovit jinou lh\u016ftu pro p\u0159edlo\u017een\u00ed dokladu o dosa\u017een\u00e9m vzd\u011bl\u00e1n\u00ed. Povinnost dokl\u00e1dat dosa\u017een\u00e9 vzd\u011bl\u00e1n\u00ed se nevztahuje na uchaze\u010de o studium, kter\u00fd p\u0159\u00edslu\u0161n\u00e9ho vzd\u011bl\u00e1n\u00ed dos\u00e1hl na PEF.<\/p>\n<\/div>\n<\/div><\/section>\n<\/div>\n<\/div><\/section>\n","protected":false},"excerpt":{"rendered":"","protected":false},"author":1,"featured_media":0,"parent":0,"menu_order":0,"comment_status":"closed","ping_status":"closed","template":"","meta":{"neve_meta_sidebar":"full-width","neve_meta_container":"","neve_meta_enable_content_width":"on","neve_meta_content_width":100,"neve_meta_title_alignment":"","neve_meta_author_avatar":"","neve_post_elements_order":"","neve_meta_disable_header":"","neve_meta_disable_footer":"","neve_meta_disable_title":"on","_themeisle_gutenberg_block_has_review":false,"_ti_tpc_template_sync":false,"_ti_tpc_template_id":""},"_links":{"self":[{"href":"https:\/\/fim.pef.mendelu.cz\/index.php?rest_route=\/wp\/v2\/pages\/449"}],"collection":[{"href":"https:\/\/fim.pef.mendelu.cz\/index.php?rest_route=\/wp\/v2\/pages"}],"about":[{"href":"https:\/\/fim.pef.mendelu.cz\/index.php?rest_route=\/wp\/v2\/types\/page"}],"author":[{"embeddable":true,"href":"https:\/\/fim.pef.mendelu.cz\/index.php?rest_route=\/wp\/v2\/users\/1"}],"replies":[{"embeddable":true,"href":"https:\/\/fim.pef.mendelu.cz\/index.php?rest_route=%2Fwp%2Fv2%2Fcomments&post=449"}],"version-history":[{"count":5,"href":"https:\/\/fim.pef.mendelu.cz\/index.php?rest_route=\/wp\/v2\/pages\/449\/revisions"}],"predecessor-version":[{"id":495,"href":"https:\/\/fim.pef.mendelu.cz\/index.php?rest_route=\/wp\/v2\/pages\/449\/revisions\/495"}],"wp:attachment":[{"href":"https:\/\/fim.pef.mendelu.cz\/index.php?rest_route=%2Fwp%2Fv2%2Fmedia&parent=449"}],"curies":[{"name":"wp","href":"https:\/\/api.w.org\/{rel}","templated":true}]}}