{"id":570,"date":"2021-02-18T17:29:45","date_gmt":"2021-02-18T16:29:45","guid":{"rendered":"http:\/\/195.113.194.207\/~fimpefm\/?page_id=570"},"modified":"2021-03-21T16:51:22","modified_gmt":"2021-03-21T15:51:22","slug":"kontakt","status":"publish","type":"page","link":"https:\/\/fim.pef.mendelu.cz\/?page_id=570","title":{"rendered":"Kontakt"},"content":{"rendered":"\n<div class=\"wp-block-themeisle-blocks-advanced-columns has-2-columns has-desktop-equal-layout has-tablet-equal-layout has-mobile-collapsedRows-layout has-default-gap has-vertical-unset\" id=\"wp-block-themeisle-blocks-advanced-columns-f165617c\"><div class=\"wp-block-themeisle-blocks-advanced-columns-overlay\"><\/div><div class=\"innerblocks-wrap\">\n<div class=\"wp-block-themeisle-blocks-advanced-column\" id=\"wp-block-themeisle-blocks-advanced-column-c7229f94\">\n<iframe loading=\"lazy\" style=\"border:none\" src=\"https:\/\/en.frame.mapy.cz\/s\/bolorosavo\" width=\"100%\" height=\"400\" frameborder=\"0\"><\/iframe>\n<\/div>\n\n\n\n<div class=\"wp-block-themeisle-blocks-advanced-column\" id=\"wp-block-themeisle-blocks-advanced-column-0aecf406\">\n<p><a href=\"http:\/\/195.113.194.207\/~fimpefm\/www.pef.mendelu.cz\"><strong>Provozn\u011b ekonomick\u00e1 fakulta Mendelovy univerzity v Brn\u011b<\/strong><\/a><\/p>\n\n\n\n<p>Zem\u011bd\u011blsk\u00e1 1, <\/p>\n\n\n\n<p>613 00 Brno<\/p>\n\n\n\n<p><strong>Sledujte n\u00e1s na soci\u00e1ln\u00edch s\u00edt\u00edch:<\/strong><\/p>\n\n\n\n<div class=\"wp-block-image\"><figure class=\"alignleft size-large is-resized\"><a href=\"https:\/\/www.facebook.com\/fimpef\/\"><img decoding=\"async\" loading=\"lazy\" src=\"https:\/\/fim.pef.mendelu.cz\/wp-content\/uploads\/2021\/03\/Facebook-logo-1024x717.png\" alt=\"\" class=\"wp-image-645\" width=\"123\" height=\"86\" srcset=\"https:\/\/fim.pef.mendelu.cz\/wp-content\/uploads\/2021\/03\/Facebook-logo-1024x717.png 1024w, https:\/\/fim.pef.mendelu.cz\/wp-content\/uploads\/2021\/03\/Facebook-logo-300x210.png 300w, https:\/\/fim.pef.mendelu.cz\/wp-content\/uploads\/2021\/03\/Facebook-logo-768x538.png 768w, https:\/\/fim.pef.mendelu.cz\/wp-content\/uploads\/2021\/03\/Facebook-logo-1536x1075.png 1536w, https:\/\/fim.pef.mendelu.cz\/wp-content\/uploads\/2021\/03\/Facebook-logo.png 2000w\" sizes=\"(max-width: 123px) 100vw, 123px\" \/><\/a><\/figure><\/div>\n\n\n\n<p><\/p>\n<\/div>\n<\/div><\/div>\n\n\n\n<div class=\"wp-block-themeisle-blocks-advanced-columns has-2-columns has-desktop-equal-layout has-tablet-equal-layout has-mobile-collapsedRows-layout has-default-gap has-vertical-unset\" id=\"wp-block-themeisle-blocks-advanced-columns-db156a0b\"><div class=\"wp-block-themeisle-blocks-advanced-columns-overlay\"><\/div><div class=\"innerblocks-wrap\">\n<div class=\"wp-block-themeisle-blocks-advanced-column\" id=\"wp-block-themeisle-blocks-advanced-column-fdec48d5\">\n<h2 class=\"wp-block-heading\">Studijn\u00ed odd\u011blen\u00ed PEF<\/h2>\n\n\n\n<figure class=\"wp-block-table\"><table><tbody><tr><td>Telefon<\/td><td>+420 545 132 727<\/td><\/tr><tr><td>E-mail<\/td><td><a>studijni@pef.mendelu.cz<\/a><\/td><\/tr><\/tbody><\/table><\/figure>\n\n\n\n<div style=\"height:20px\" aria-hidden=\"true\" class=\"wp-block-spacer\"><\/div>\n\n\n\n<p><\/p>\n\n\n\n<h4 class=\"wp-block-heading\"><strong>\u00da\u0159edn\u00ed hodiny studijn\u00edho odd\u011blen\u00ed<\/strong><\/h4>\n\n\n\n<figure class=\"wp-block-table\"><table><tbody><tr><th><\/th><th><\/th><th><\/th><th><\/th><\/tr><tr><td><strong>Den <\/strong><\/td><td><strong>Od<\/strong><\/td><td><strong>Do<\/strong><\/td><td><\/td><\/tr><tr><td>Pond\u011bl\u00ed<\/td><td>9:00<\/td><td>12:00<\/td><td><\/td><\/tr><tr><td>St\u0159eda<\/td><td>10:00<\/td><td>12:00<\/td><td>&nbsp;<\/td><\/tr><tr><td>St\u0159eda<\/td><td>13:00<\/td><td>14:00<\/td><td>&nbsp;<\/td><\/tr><tr><td>\u010ctvrtek<\/td><td>9:00<\/td><td>12:00<\/td><td>&nbsp;<\/td><\/tr><tr><td>P\u00e1tek<\/td><td>9:00<\/td><td>12:00<\/td><td><\/td><\/tr><\/tbody><\/table><\/figure>\n<\/div>\n\n\n\n<div class=\"wp-block-themeisle-blocks-advanced-column\" id=\"wp-block-themeisle-blocks-advanced-column-1581029d\">\n<figure class=\"wp-block-image size-large\"><img decoding=\"async\" loading=\"lazy\" width=\"1001\" height=\"1024\" src=\"http:\/\/195.113.194.207\/~fimpefm\/wp-content\/uploads\/2020\/09\/Budova_Provozne_ekonomicke_fakulty_Mendelovy_univerzity_v_Brne1-1001x1024.jpg\" alt=\"\" class=\"wp-image-335\" srcset=\"https:\/\/fim.pef.mendelu.cz\/wp-content\/uploads\/2020\/09\/Budova_Provozne_ekonomicke_fakulty_Mendelovy_univerzity_v_Brne1-1001x1024.jpg 1001w, https:\/\/fim.pef.mendelu.cz\/wp-content\/uploads\/2020\/09\/Budova_Provozne_ekonomicke_fakulty_Mendelovy_univerzity_v_Brne1-293x300.jpg 293w, https:\/\/fim.pef.mendelu.cz\/wp-content\/uploads\/2020\/09\/Budova_Provozne_ekonomicke_fakulty_Mendelovy_univerzity_v_Brne1-768x786.jpg 768w, https:\/\/fim.pef.mendelu.cz\/wp-content\/uploads\/2020\/09\/Budova_Provozne_ekonomicke_fakulty_Mendelovy_univerzity_v_Brne1.jpg 1298w\" sizes=\"(max-width: 1001px) 100vw, 1001px\" \/><\/figure>\n<\/div>\n<\/div><\/div>\n","protected":false},"excerpt":{"rendered":"","protected":false},"author":1,"featured_media":0,"parent":0,"menu_order":0,"comment_status":"closed","ping_status":"closed","template":"","meta":{"neve_meta_sidebar":"full-width","neve_meta_container":"","neve_meta_enable_content_width":"on","neve_meta_content_width":100,"neve_meta_title_alignment":"","neve_meta_author_avatar":"","neve_post_elements_order":"","neve_meta_disable_header":"","neve_meta_disable_footer":"","neve_meta_disable_title":"","_themeisle_gutenberg_block_has_review":false,"_ti_tpc_template_sync":false,"_ti_tpc_template_id":""},"_links":{"self":[{"href":"https:\/\/fim.pef.mendelu.cz\/index.php?rest_route=\/wp\/v2\/pages\/570"}],"collection":[{"href":"https:\/\/fim.pef.mendelu.cz\/index.php?rest_route=\/wp\/v2\/pages"}],"about":[{"href":"https:\/\/fim.pef.mendelu.cz\/index.php?rest_route=\/wp\/v2\/types\/page"}],"author":[{"embeddable":true,"href":"https:\/\/fim.pef.mendelu.cz\/index.php?rest_route=\/wp\/v2\/users\/1"}],"replies":[{"embeddable":true,"href":"https:\/\/fim.pef.mendelu.cz\/index.php?rest_route=%2Fwp%2Fv2%2Fcomments&post=570"}],"version-history":[{"count":26,"href":"https:\/\/fim.pef.mendelu.cz\/index.php?rest_route=\/wp\/v2\/pages\/570\/revisions"}],"predecessor-version":[{"id":667,"href":"https:\/\/fim.pef.mendelu.cz\/index.php?rest_route=\/wp\/v2\/pages\/570\/revisions\/667"}],"wp:attachment":[{"href":"https:\/\/fim.pef.mendelu.cz\/index.php?rest_route=%2Fwp%2Fv2%2Fmedia&parent=570"}],"curies":[{"name":"wp","href":"https:\/\/api.w.org\/{rel}","templated":true}]}}